{"id":14,"date":"2026-04-15T02:37:17","date_gmt":"2026-04-15T09:37:17","guid":{"rendered":"https:\/\/tg88.stream\/?page_id=14"},"modified":"2026-04-17T01:52:48","modified_gmt":"2026-04-17T08:52:48","slug":"tg88","status":"publish","type":"page","link":"https:\/\/tg88.stream\/","title":{"rendered":"TG88"},"content":{"rendered":"<div class=\"slider-wrapper relative\" id=\"slider-48749765\" >\n    <div class=\"slider slider-nav-circle slider-nav-large slider-nav-light slider-style-normal\"\n        data-flickity-options='{\n            \"cellAlign\": \"center\",\n            \"imagesLoaded\": true,\n            \"lazyLoad\": 1,\n            \"freeScroll\": false,\n            \"wrapAround\": true,\n            \"autoPlay\": 6000,\n            \"pauseAutoPlayOnHover\" : true,\n            \"prevNextButtons\": true,\n            \"contain\" : true,\n            \"adaptiveHeight\" : true,\n            \"dragThreshold\" : 10,\n            \"percentPosition\": true,\n            \"pageDots\": true,\n            \"rightToLeft\": false,\n            \"draggable\": true,\n            \"selectedAttraction\": 0.1,\n            \"parallax\" : 0,\n            \"friction\": 0.6        }'\n        >\n        \n\t<div class=\"img has-hover x md-x lg-x y md-y lg-y\" id=\"image_1562169190\">\n\t\t\t\t\t\t\t\t<div class=\"img-inner dark\" >\n\t\t\t<img loading=\"lazy\" decoding=\"async\" width=\"1920\" height=\"600\" src=\"https:\/\/tg88.stream\/wp-content\/uploads\/2026\/04\/banner-tg88.jpeg\" class=\"attachment-original size-original\" alt=\"\" srcset=\"https:\/\/tg88.stream\/wp-content\/uploads\/2026\/04\/banner-tg88.jpeg 1920w, https:\/\/tg88.stream\/wp-content\/uploads\/2026\/04\/banner-tg88-300x94.jpeg 300w, https:\/\/tg88.stream\/wp-content\/uploads\/2026\/04\/banner-tg88-1024x320.jpeg 1024w, https:\/\/tg88.stream\/wp-content\/uploads\/2026\/04\/banner-tg88-768x240.jpeg 768w, https:\/\/tg88.stream\/wp-content\/uploads\/2026\/04\/banner-tg88-1536x480.jpeg 1536w\" sizes=\"auto, (max-width: 1920px) 100vw, 1920px\" \/>\t\t\t\t\t\t\n\t\t\t\t\t<\/div>\n\t\t\t\t\t\t\t\t\n<style>\n#image_1562169190 {\n  width: 100%;\n}\n<\/style>\n\t<\/div>\n\t\n     <\/div>\n\n     <div class=\"loading-spin dark large centered\"><\/div>\n\n\t<\/div>\n\n\n\n\t<section class=\"section\" id=\"section_853889812\">\n\t\t<div class=\"section-bg fill\" >\n\t\t\t\t\t\t\t\t\t\n\t\t\t\n\n\t\t<\/div>\n\n\t\t\n\n\t\t<div class=\"section-content relative\">\n\t\t\t\n<div class=\"container section-title-container\" ><h1 class=\"section-title section-title-center\"><b aria-hidden=\"true\"><\/b><span class=\"section-title-main\" >TG88 - Nh\u00e0 C\u00e1i Uy T\u00edn Qu\u1ed1c T\u1ebf, Giao D\u1ecbch Nhanh \u2013 B\u1ea3o M\u1eadt Cao<\/span><b aria-hidden=\"true\"><\/b><\/h1><\/div>\n\t\t<\/div>\n\n\t\t\n<style>\n#section_853889812 {\n  padding-top: 30px;\n  padding-bottom: 30px;\n}\n<\/style>\n\t<\/section>\n\t\n","protected":false},"excerpt":{"rendered":"","protected":false},"author":1,"featured_media":0,"parent":0,"menu_order":0,"comment_status":"closed","ping_status":"closed","template":"page-blank.php","meta":{"footnotes":""},"class_list":["post-14","page","type-page","status-publish","hentry"],"_links":{"self":[{"href":"https:\/\/tg88.stream\/index.php\/wp-json\/wp\/v2\/pages\/14","targetHints":{"allow":["GET"]}}],"collection":[{"href":"https:\/\/tg88.stream\/index.php\/wp-json\/wp\/v2\/pages"}],"about":[{"href":"https:\/\/tg88.stream\/index.php\/wp-json\/wp\/v2\/types\/page"}],"author":[{"embeddable":true,"href":"https:\/\/tg88.stream\/index.php\/wp-json\/wp\/v2\/users\/1"}],"replies":[{"embeddable":true,"href":"https:\/\/tg88.stream\/index.php\/wp-json\/wp\/v2\/comments?post=14"}],"version-history":[{"count":3,"href":"https:\/\/tg88.stream\/index.php\/wp-json\/wp\/v2\/pages\/14\/revisions"}],"predecessor-version":[{"id":53,"href":"https:\/\/tg88.stream\/index.php\/wp-json\/wp\/v2\/pages\/14\/revisions\/53"}],"wp:attachment":[{"href":"https:\/\/tg88.stream\/index.php\/wp-json\/wp\/v2\/media?parent=14"}],"curies":[{"name":"wp","href":"https:\/\/api.w.org\/{rel}","templated":true}]}}